{"id":91,"date":"2024-01-08T18:00:38","date_gmt":"2024-01-08T17:00:38","guid":{"rendered":"https:\/\/sybilline.ardoisemagique.com\/?page_id=91"},"modified":"2024-01-18T20:34:52","modified_gmt":"2024-01-18T19:34:52","slug":"sybilline","status":"publish","type":"page","link":"https:\/\/sybilline.ardoisemagique.com\/","title":{"rendered":"Sybilline&#8230;."},"content":{"rendered":"<p>[et_pb_section fb_built=\u00a0\u00bb1&Prime; _builder_version=\u00a0\u00bb4.23.4&Prime; _module_preset=\u00a0\u00bbdefault\u00a0\u00bb global_colors_info=\u00a0\u00bb{}\u00a0\u00bb][et_pb_row _builder_version=\u00a0\u00bb4.23.4&Prime; _module_preset=\u00a0\u00bbdefault\u00a0\u00bb global_colors_info=\u00a0\u00bb{}\u00a0\u00bb][et_pb_column type=\u00a0\u00bb4_4&Prime; _builder_version=\u00a0\u00bb4.23.4&Prime; _module_preset=\u00a0\u00bbdefault\u00a0\u00bb global_colors_info=\u00a0\u00bb{}\u00a0\u00bb][et_pb_text _builder_version=\u00a0\u00bb4.23.4&Prime; _module_preset=\u00a0\u00bbdefault\u00a0\u00bb global_colors_info=\u00a0\u00bb{}\u00a0\u00bb]<\/p>\n<h1>Sybilline<\/h1>\n<p>[\/et_pb_text][\/et_pb_column][\/et_pb_row][et_pb_row column_structure=\u00a0\u00bb2_5,3_5&Prime; _builder_version=\u00a0\u00bb4.23.4&Prime; _module_preset=\u00a0\u00bbdefault\u00a0\u00bb global_colors_info=\u00a0\u00bb{}\u00a0\u00bb][et_pb_column type=\u00a0\u00bb2_5&Prime; _builder_version=\u00a0\u00bb4.23.4&Prime; _module_preset=\u00a0\u00bbdefault\u00a0\u00bb global_colors_info=\u00a0\u00bb{}\u00a0\u00bb][et_pb_image src=\u00a0\u00bbhttps:\/\/sybilline.ardoisemagique.com\/wp-content\/uploads\/2024\/01\/Portrait-1-1-scaled.jpg\u00a0\u00bb alt=\u00a0\u00bbSur un fond couleur cuivre ,visage avec nez et cheveux faits de clous rouill\u00e9s,yeux et l\u00e8vres en partition blanches coll\u00e9es\u00a0\u00bb title_text=\u00a0\u00bbBarbara\u00a0\u00bb _builder_version=\u00a0\u00bb4.23.4&Prime; _module_preset=\u00a0\u00bbdefault\u00a0\u00bb global_colors_info=\u00a0\u00bb{}\u00a0\u00bb][\/et_pb_image][\/et_pb_column][et_pb_column type=\u00a0\u00bb3_5&Prime; _builder_version=\u00a0\u00bb4.23.4&Prime; _module_preset=\u00a0\u00bbdefault\u00a0\u00bb global_colors_info=\u00a0\u00bb{}\u00a0\u00bb][et_pb_text _builder_version=\u00a0\u00bb4.23.4&Prime; _module_preset=\u00a0\u00bbdefault\u00a0\u00bb global_colors_info=\u00a0\u00bb{}\u00a0\u00bb]<\/p>\n<h2><em>Evelyne SIBILLE\u00a0 <\/em><\/h2>\n<p>&nbsp;<\/p>\n<p>\u00a0Autodidacte, je m\u2019inspire de l\u2019Art SINGULIER \u00a0et de l\u2019Art BRUT<\/p>\n<p>\u00a0Mon travail en Arts Plastiques est Contemporain, mais toujours Figuratif.<\/p>\n<p>&nbsp;<\/p>\n<p>Pour mes toiles, j\u2019aime d\u00e9couper, d\u00e9chirer des images, du\u00a0 textile, du carton, des \u00e9crits, que je maroufle sur un support acrylique \/ huile, mais toujours riche en couleurs.<\/p>\n<p>Mes sculptures de m\u00e9tal rouill\u00e9, naissent dans mon imaginaire, et donnent vie \u00e0 des silhouettes, des visages, qui me parlent.<\/p>\n<p>&nbsp;<\/p>\n<p>J\u2019aime \u00ab\u00a0CREER l\u2019inattendu et ATTENDRE\u00a0\u00bb\u00a0\u00a0\u00a0\u00a0\u00a0\u00a0\u00a0\u00a0\u00a0\u00a0\u00a0\u00a0\u00a0\u00a0\u00a0\u00a0\u00a0\u00a0\u00a0\u00a0\u00a0\u00a0\u00a0\u00a0\u00a0\u00a0\u00a0<\/p>\n<p>[\/et_pb_text][\/et_pb_column][\/et_pb_row][\/et_pb_section]<\/p>\n","protected":false},"excerpt":{"rendered":"<p>SybillineEvelyne SIBILLE\u00a0 &nbsp; \u00a0Autodidacte, je m\u2019inspire de l\u2019Art SINGULIER \u00a0et de l\u2019Art BRUT \u00a0Mon travail en Arts Plastiques est Contemporain, mais toujours Figuratif. &nbsp; Pour mes toiles, j\u2019aime d\u00e9couper, d\u00e9chirer des images, du\u00a0 textile, du carton, des \u00e9crits, que je maroufle sur un support acrylique \/ huile, mais toujours riche en couleurs. Mes sculptures de [&hellip;]<\/p>\n","protected":false},"author":1,"featured_media":0,"parent":0,"menu_order":0,"comment_status":"closed","ping_status":"closed","template":"","meta":{"_et_pb_use_builder":"on","_et_pb_old_content":"","_et_gb_content_width":"","footnotes":""},"_links":{"self":[{"href":"https:\/\/sybilline.ardoisemagique.com\/index.php\/wp-json\/wp\/v2\/pages\/91"}],"collection":[{"href":"https:\/\/sybilline.ardoisemagique.com\/index.php\/wp-json\/wp\/v2\/pages"}],"about":[{"href":"https:\/\/sybilline.ardoisemagique.com\/index.php\/wp-json\/wp\/v2\/types\/page"}],"author":[{"embeddable":true,"href":"https:\/\/sybilline.ardoisemagique.com\/index.php\/wp-json\/wp\/v2\/users\/1"}],"replies":[{"embeddable":true,"href":"https:\/\/sybilline.ardoisemagique.com\/index.php\/wp-json\/wp\/v2\/comments?post=91"}],"version-history":[{"count":4,"href":"https:\/\/sybilline.ardoisemagique.com\/index.php\/wp-json\/wp\/v2\/pages\/91\/revisions"}],"predecessor-version":[{"id":130,"href":"https:\/\/sybilline.ardoisemagique.com\/index.php\/wp-json\/wp\/v2\/pages\/91\/revisions\/130"}],"wp:attachment":[{"href":"https:\/\/sybilline.ardoisemagique.com\/index.php\/wp-json\/wp\/v2\/media?parent=91"}],"curies":[{"name":"wp","href":"https:\/\/api.w.org\/{rel}","templated":true}]}}